{"id":24,"date":"2017-01-04T20:21:40","date_gmt":"2017-01-04T19:21:40","guid":{"rendered":"http:\/\/parkovanietrencin.sk\/old1\/?page_id=24"},"modified":"2025-06-30T12:35:59","modified_gmt":"2025-06-30T10:35:59","slug":"vyrocne-spravy","status":"publish","type":"page","link":"http:\/\/parkovanietrencin.sk\/tps\/vyrocne-spravy\/","title":{"rendered":"V\u00fdro\u010dn\u00e9 spr\u00e1vy"},"content":{"rendered":"<p><a href=\"http:\/\/parkovanietrencin.sk\/tps\/wp-content\/uploads\/2025\/06\/vyrocna_sprava_2024.pdf\">V\u00fdro\u010dn\u00e1 spr\u00e1va 2024<\/a><\/p>\n<p><a href=\"http:\/\/parkovanietrencin.sk\/tps\/wp-content\/uploads\/2024\/06\/vyrocna_sprava_2023.pdf\">V\u00fdro\u010dn\u00e1 spr\u00e1va 2023<\/a><\/p>\n<p><a href=\"http:\/\/parkovanietrencin.sk\/tps\/wp-content\/uploads\/2023\/07\/vyrocna_sprava_2022.pdf\" target=\"_blank\" rel=\"noopener noreferrer\">V\u00fdro\u010dn\u00e1 spr\u00e1va 2022<\/a><\/p>\n<p><a href=\"http:\/\/parkovanietrencin.sk\/tps\/pdf\/vyrocna_sprava_2021.pdf\">V\u00fdro\u010dn\u00e1 spr\u00e1va 2021<\/a><\/p>\n<p><a href=\"http:\/\/parkovanietrencin.sk\/tps\/pdf\/vyrocna_sprava_2020.pdf\">V\u00fdro\u010dn\u00e1 spr\u00e1va 2020<\/a><\/p>\n<p><a href=\"http:\/\/parkovanietrencin.sk\/tps\/pdf\/vyrocna_sprava_2019.pdf\">V\u00fdro\u010dn\u00e1 spr\u00e1va 2019<\/a><\/p>\n<p><a href=\"http:\/\/parkovanietrencin.sk\/tps\/pdf\/vyrocna_sprava_2018.pdf\">V\u00fdro\u010dn\u00e1 spr\u00e1va 2018<\/a><\/p>\n<p><a href=\"http:\/\/parkovanietrencin.sk\/tps\/pdf\/vyrocna_sprava_2017.pdf\">V\u00fdro\u010dn\u00e1 spr\u00e1va 2017<\/a><\/p>\n<p><a href=\"http:\/\/parkovanietrencin.sk\/tps\/pdf\/vyrocna_sprava_2016.pdf\">V\u00fdro\u010dn\u00e1 spr\u00e1va 2016<\/a><\/p>\n<p><a href=\"http:\/\/parkovanietrencin.sk\/tps\/pdf\/vyrocna_sprava_2015.pdf\">V\u00fdro\u010dn\u00e1 spr\u00e1va 2015<\/a><\/p>\n<p><a href=\"http:\/\/parkovanietrencin.sk\/tps\/pdf\/vyrocna_sprava_2014.pdf\">V\u00fdro\u010dn\u00e1 spr\u00e1va 2014<\/a><\/p>\n<p><a href=\"http:\/\/parkovanietrencin.sk\/tps\/pdf\/vyrocna_sprava_2013.pdf\">V\u00fdro\u010dn\u00e1 spr\u00e1va 2013<\/a><\/p>\n<p><a href=\"http:\/\/parkovanietrencin.sk\/tps\/pdf\/vyrocna_sprava_2012.pdf\">V\u00fdro\u010dn\u00e1 spr\u00e1va 2012<\/a><\/p>\n<p><a href=\"http:\/\/parkovanietrencin.sk\/tps\/pdf\/vyrocna_sprava_2011.pdf\">V\u00fdro\u010dn\u00e1 spr\u00e1va 2011<\/a><\/p>\n<p><a href=\"http:\/\/parkovanietrencin.sk\/tps\/pdf\/vyrocna_sprava_2010.pdf\">V\u00fdro\u010dn\u00e1 spr\u00e1va 2010<\/a><\/p>\n<p><a href=\"http:\/\/parkovanietrencin.sk\/tps\/pdf\/vyrocna_sprava_2009.pdf\">V\u00fdro\u010dn\u00e1 spr\u00e1va 2009<\/a><\/p>","protected":false},"excerpt":{"rendered":"<p>V\u00fdro\u010dn\u00e1 spr\u00e1va 2024 V\u00fdro\u010dn\u00e1 spr\u00e1va 2023 V\u00fdro\u010dn\u00e1 spr\u00e1va 2022 V\u00fdro\u010dn\u00e1 spr\u00e1va 2021 V\u00fdro\u010dn\u00e1 spr\u00e1va 2020 V\u00fdro\u010dn\u00e1 spr\u00e1va 2019 V\u00fdro\u010dn\u00e1 spr\u00e1va 2018 V\u00fdro\u010dn\u00e1 spr\u00e1va 2017 V\u00fdro\u010dn\u00e1 spr\u00e1va 2016 V\u00fdro\u010dn\u00e1 spr\u00e1va 2015 V\u00fdro\u010dn\u00e1 spr\u00e1va 2014 V\u00fdro\u010dn\u00e1 spr\u00e1va 2013 V\u00fdro\u010dn\u00e1 spr\u00e1va 2012 V\u00fdro\u010dn\u00e1 spr\u00e1va 2011 V\u00fdro\u010dn\u00e1 spr\u00e1va 2010 V\u00fdro\u010dn\u00e1 spr\u00e1va 2009<\/p>","protected":false},"author":1,"featured_media":0,"parent":0,"menu_order":0,"comment_status":"closed","ping_status":"closed","template":"","meta":{"footnotes":""},"class_list":["post-24","page","type-page","status-publish","hentry"],"_links":{"self":[{"href":"http:\/\/parkovanietrencin.sk\/tps\/wp-json\/wp\/v2\/pages\/24","targetHints":{"allow":["GET"]}}],"collection":[{"href":"http:\/\/parkovanietrencin.sk\/tps\/wp-json\/wp\/v2\/pages"}],"about":[{"href":"http:\/\/parkovanietrencin.sk\/tps\/wp-json\/wp\/v2\/types\/page"}],"author":[{"embeddable":true,"href":"http:\/\/parkovanietrencin.sk\/tps\/wp-json\/wp\/v2\/users\/1"}],"replies":[{"embeddable":true,"href":"http:\/\/parkovanietrencin.sk\/tps\/wp-json\/wp\/v2\/comments?post=24"}],"version-history":[{"count":16,"href":"http:\/\/parkovanietrencin.sk\/tps\/wp-json\/wp\/v2\/pages\/24\/revisions"}],"predecessor-version":[{"id":236,"href":"http:\/\/parkovanietrencin.sk\/tps\/wp-json\/wp\/v2\/pages\/24\/revisions\/236"}],"wp:attachment":[{"href":"http:\/\/parkovanietrencin.sk\/tps\/wp-json\/wp\/v2\/media?parent=24"}],"curies":[{"name":"wp","href":"https:\/\/api.w.org\/{rel}","templated":true}]}}