{"id":4,"date":"2017-01-04T20:12:28","date_gmt":"2017-01-04T19:12:28","guid":{"rendered":"http:\/\/parkovanietrencin.sk\/old1\/?page_id=4"},"modified":"2024-09-18T22:55:37","modified_gmt":"2024-09-18T20:55:37","slug":"o-spolocnosti","status":"publish","type":"page","link":"http:\/\/parkovanietrencin.sk\/tps\/o-spolocnosti\/","title":{"rendered":"O spolo\u010dnosti"},"content":{"rendered":"<h4>Zalo\u017eenie a vznik spolo\u010dnosti<\/h4>\n<p>Spolo\u010dnos\u0165 bola zalo\u017een\u00e1 pod\u013ea Zakladate\u013eskej listiny zo d\u0148a 3. 11. 2008 sp\u00edsanej vo forme not\u00e1rskej z\u00e1pisnice a\u00a0rozhodnutia zakladate\u013ea \u2013 Mesta Tren\u010d\u00edn o zalo\u017een\u00ed spolo\u010dnosti, v s\u00falade s ustanoven\u00edm \u00a7 172 z\u00e1kona \u010d.\u00a0513\/1991 Zb. Obchodn\u00e9ho z\u00e1konn\u00edka v platnom znen\u00ed. Zalo\u017eenie spolo\u010dnosti bol schv\u00e1len\u00e9 aj uznesen\u00edm Mestsk\u00e9ho zastupite\u013estva v Tren\u010d\u00edne \u010d. 359 zo d\u0148a 23. 10. 2008. Spolo\u010dnos\u0165 vznikla z\u00e1pisom do obchodn\u00e9ho registra d\u0148a 1. 1. 2009. V\u00fdber parkovn\u00e9ho za pren\u00e1jom parkovac\u00edch miest realizuje spolo\u010dnos\u0165 od 1. 10. 2009.<\/p>\n<h4>Z\u00e1kladn\u00e9 \u00fadaje<\/h4>\n<p>Obchodn\u00e9 meno: \u00a0 Tren\u010dianska parkovacia spolo\u010dnos\u0165, a. s. (TPS, a. s.)<\/p>\n<p>S\u00eddlo: \u00a0 \u00a0 \u00a0 \u00a0 \u00a0 \u00a0 \u00a0 \u00a0 \u00a0 \u00a0 \u00a0 \u00a0Mierov\u00e9 n\u00e1mestie 2, 911 01 Tren\u010d\u00edn<\/p>\n<p>I\u010cO: \u00a0 \u00a0 \u00a0 \u00a0 \u00a0 \u00a0 \u00a0 \u00a0 \u00a0 \u00a0 \u00a0 \u00a0 \u00a044 510 152<\/p>\n<p>Zaregistrovan\u00e1: \u00a0 \u00a0 \u00a0v\u00a0obchodnom registri Okresn\u00e9ho s\u00fadu v\u00a0Tren\u010d\u00edne, odd. Sa, vlo\u017eka \u010d\u00edslo 10547\/R<\/p>\n<p>Z\u00e1kladn\u00e9 imanie: \u00a0 25\u00a0000 eur<\/p>\n<p>Web: \u00a0 \u00a0 \u00a0 \u00a0 \u00a0 \u00a0 \u00a0 \u00a0 \u00a0 \u00a0 \u00a0 \u00a0 www.parkovanietrencin.sk\/tps<\/p>\n<h4>Predmet podnikania<\/h4>\n<ul>\n<li>pren\u00e1jom gar\u00e1\u017ei a odstavn\u00fdch pl\u00f4ch pre motorov\u00e9 vozidl\u00e1,<\/li>\n<li>k\u00fapa tovaru na \u00fa\u010dely jeho predaja in\u00fdm prev\u00e1dzkovate\u013eom \u017eivnosti alebo kone\u010dn\u00e9mu spotrebite\u013eovi,<\/li>\n<li>sprostredkovate\u013esk\u00e1 \u010dinnos\u0165 v\u00a0oblasti slu\u017eieb.<\/li>\n<\/ul>\n<h4>Popis \u010dinnosti<\/h4>\n<p>Tren\u010dianska parkovacia spolo\u010dnos\u0165, a. s. od 15. 3. 2017 prev\u00e1dzkuje iba s\u00fakromn\u00e9 parkovisk\u00e1, ku ktor\u00fdm m\u00e1 uzatvoren\u00fa n\u00e1jomn\u00fa zmluvu. Ide o\u00a0parkovisko na ulici Rozmar\u00ednova, Gen. Svobodu a\u00a028. okt\u00f3bra v\u00a0Tren\u010d\u00edne.<\/p>\n<h4>Organiza\u010dn\u00e1 \u0161trukt\u00fara<\/h4>\n<p>Org\u00e1nmi spolo\u010dnosti s\u00fa:<\/p>\n<ul>\n<li>valn\u00e9 zhroma\u017edenie,<\/li>\n<li>predstavenstvo,<\/li>\n<li>dozorn\u00e1 rada.<\/li>\n<\/ul>\n<p><strong>Valn\u00e9 zhroma\u017edenie<\/strong> je najvy\u0161\u0161\u00ed org\u00e1n spolo\u010dnosti. Mesto Tren\u010d\u00edn je jedin\u00fdm akcion\u00e1rom obchodnej spolo\u010dnosti TPS, a. s. Mesto Tren\u010d\u00edn vlastn\u00ed 100 kusov listinn\u00fdch akci\u00ed znej\u00facich na meno v\u00a0menovitej hodnote jednej akcie 250,- \u20ac. Z\u00a0uveden\u00e9ho d\u00f4vodu vykon\u00e1va Mesto Tren\u010d\u00edn, zast\u00fapen\u00e9 prim\u00e1torom mesta Tren\u010d\u00edn, ako jedin\u00fd akcion\u00e1r, v\u00a0s\u00falade s\u00a0ustanoven\u00edm \u00a7\u00a0190 Obchodn\u00e9ho z\u00e1konn\u00edka v\u00a0platnom znen\u00ed, p\u00f4sobnos\u0165 valn\u00e9ho zhroma\u017edenia.<\/p>\n<p><strong>Predstavenstvo<\/strong> je \u0161tatut\u00e1rnym org\u00e1nom spolo\u010dnosti, ktor\u00fd riadi \u010dinnos\u0165 spolo\u010dnosti a kon\u00e1 v\u00a0jej mene.<\/p>\n<p>Zlo\u017eenie predstavenstva<\/p>\n<p>Ing. Jaroslav Pag\u00e1\u010d, predseda predstavenstva<br \/>\nIng. Benjam\u00edn Lis\u00e1\u010dek, \u010dlen predstavenstva<br \/>\nIng.\u00a0Iveta Mar\u010dekov\u00e1, \u010dlenka predstavenstva<\/p>\n<p><strong>Dozorn\u00e1 rada<\/strong> je najvy\u0161\u0161\u00ed kontroln\u00fd org\u00e1n spolo\u010dnosti, ktor\u00fd dohliada na v\u00fdkon p\u00f4sobnosti predstavenstva a\u00a0uskuto\u010d\u0148ovanie podnikate\u013eskej \u010dinnosti spolo\u010dnosti.<\/p>\n<p>Zlo\u017eenie dozornej rady<\/p>\n<p>Ing. Zuzana Bedn\u00e1rov\u00e1\u00a0&#8211; predsedn\u00ed\u010dka\u00a0dozornej rady<br \/>\nIng. Richard \u0160\u010depko\u00a0&#8211; \u010dlen dozornej rady<br \/>\nIng. Ladislav Pa\u0161ka\u00a0&#8211; \u010dlen dozornej rady<\/p>\n<hr \/>\n<p>&nbsp;<\/p>","protected":false},"excerpt":{"rendered":"<p>Zalo\u017eenie a vznik spolo\u010dnosti Spolo\u010dnos\u0165 bola zalo\u017een\u00e1 pod\u013ea Zakladate\u013eskej listiny zo d\u0148a 3. 11. 2008 sp\u00edsanej vo forme not\u00e1rskej z\u00e1pisnice a\u00a0rozhodnutia zakladate\u013ea \u2013 Mesta Tren\u010d\u00edn o zalo\u017een\u00ed spolo\u010dnosti, v s\u00falade s ustanoven\u00edm \u00a7 172 z\u00e1kona \u010d.\u00a0513\/1991 Zb. Obchodn\u00e9ho z\u00e1konn\u00edka v platnom znen\u00ed. Zalo\u017eenie spolo\u010dnosti bol schv\u00e1len\u00e9 aj uznesen\u00edm Mestsk\u00e9ho zastupite\u013estva v Tren\u010d\u00edne \u010d. 359 zo [&hellip;]<\/p>","protected":false},"author":1,"featured_media":0,"parent":0,"menu_order":0,"comment_status":"closed","ping_status":"closed","template":"","meta":{"footnotes":""},"class_list":["post-4","page","type-page","status-publish","hentry"],"_links":{"self":[{"href":"http:\/\/parkovanietrencin.sk\/tps\/wp-json\/wp\/v2\/pages\/4","targetHints":{"allow":["GET"]}}],"collection":[{"href":"http:\/\/parkovanietrencin.sk\/tps\/wp-json\/wp\/v2\/pages"}],"about":[{"href":"http:\/\/parkovanietrencin.sk\/tps\/wp-json\/wp\/v2\/types\/page"}],"author":[{"embeddable":true,"href":"http:\/\/parkovanietrencin.sk\/tps\/wp-json\/wp\/v2\/users\/1"}],"replies":[{"embeddable":true,"href":"http:\/\/parkovanietrencin.sk\/tps\/wp-json\/wp\/v2\/comments?post=4"}],"version-history":[{"count":14,"href":"http:\/\/parkovanietrencin.sk\/tps\/wp-json\/wp\/v2\/pages\/4\/revisions"}],"predecessor-version":[{"id":228,"href":"http:\/\/parkovanietrencin.sk\/tps\/wp-json\/wp\/v2\/pages\/4\/revisions\/228"}],"wp:attachment":[{"href":"http:\/\/parkovanietrencin.sk\/tps\/wp-json\/wp\/v2\/media?parent=4"}],"curies":[{"name":"wp","href":"https:\/\/api.w.org\/{rel}","templated":true}]}}