{"id":128,"date":"2017-02-01T19:45:20","date_gmt":"2017-02-01T18:45:20","guid":{"rendered":"http:\/\/parkovanietrencin.sk\/tps\/?page_id=128"},"modified":"2025-06-04T13:17:51","modified_gmt":"2025-06-04T11:17:51","slug":"informacie-o-parkovani","status":"publish","type":"page","link":"https:\/\/parkovanietrencin.sk\/tps\/","title":{"rendered":"Inform\u00e1cie o parkovan\u00ed"},"content":{"rendered":"<p>Tren\u010dianska parkovacia spolo\u010dnos\u0165, a. s. od 15. 3. 2017 prev\u00e1dzkuje\u00a0iba s\u00fakromn\u00e9 parkovisk\u00e1, ku ktor\u00fdm m\u00e1 uzatvoren\u00fa n\u00e1jomn\u00fa zmluvu. Ide o\u00a0parkovisko na ulici Rozmar\u00ednova, 28. okt\u00f3bra a Gen. Svobodu pri OC Ju\u017eanka v Tren\u010d\u00edne.<\/p>\n<hr \/>\n<h3><strong>Parkovisko\u00a0pri OC Ju\u017eanka<\/strong><\/h3>\n<p>Nach\u00e1dza sa na ulici Gen. Svobodu pred obchodn\u00fdm centrom Ju\u017eanka. Parkovisko je vybaven\u00e9 z\u00e1vorov\u00fdm syst\u00e9mom.<\/p>\n<p><strong>Prv\u00e9 2 hodiny od vjazdu s\u00fa bezplatn\u00e9.<\/strong><\/p>\n<p><span style=\"text-decoration: underline;\">Prev\u00e1dzkov\u00e1 doba:<\/span><br \/>\n<strong>&#8211; pondelok &#8211; nede\u013ea: 8:00 &#8211; 18:00 h<\/strong><br \/>\n&#8211; v ostatnom \u010dase bezplatne (aj v tomto \u010dase je potrebn\u00e9 vyzdvihn\u00fa\u0165 si na vjazde parkovac\u00ed l\u00edstok a pou\u017ei\u0165 ho pri v\u00fdjazde)<\/p>\n<p><span style=\"text-decoration: underline;\">\u00dahrada parkovn\u00e9ho:<\/span><br \/>\n&#8211; z\u00e1vorov\u00fd syst\u00e9m pri vjazde vyd\u00e1va parkovacie l\u00edstky, ktor\u00e9 je potrebn\u00e9 pred odjazdom z parkoviska uhradi\u0165 v\u00a0automatickej pokladni<br \/>\n&#8211; parkovisko je potrebn\u00e9 opusti\u0165 do 15 min\u00fat od zaplatenia v parkovacom automate<\/p>\n<p><span style=\"text-decoration: underline;\">Cenn\u00edk:<\/span><br \/>\n<strong>&#8211; 1 Eur \/ ka\u017ed\u00e1 za\u010dat\u00e1 hodina<\/strong><br \/>\n<a href=\"http:\/\/parkovanietrencin.sk\/tps\/wp-content\/uploads\/2023\/09\/Prev\u00e1dzkov\u00fd-poriadok-Ju\u017eanka.pdf\">Prev\u00e1dzkov\u00fd poriadok parkoviska\u00a0Ju\u017eanka<\/a><\/p>\n<hr \/>\n<h3><strong>Parkovisko Rozmar\u00ednova<br \/>\n<\/strong><\/h3>\n<p>Nach\u00e1dza sa na Rozmar\u00ednovej ulici pri evanielickom kostole. Parkovisko je vybaven\u00e9 z\u00e1vorov\u00fdm syst\u00e9mom.<\/p>\n<p><span style=\"text-decoration: underline;\">Prev\u00e1dzkov\u00e1 doba:<\/span><br \/>\n<strong>&#8211; pondelok &#8211; nede\u013ea: 8:30 &#8211; 22:00 h<\/strong><br \/>\n&#8211; v ostatnom \u010dase bezplatne (aj v tomto \u010dase je potrebn\u00e9 vyzdvihn\u00fa\u0165 si na vjazde parkovac\u00ed l\u00edstok a pou\u017ei\u0165 ho pri v\u00fdjazde)<\/p>\n<p><span style=\"text-decoration: underline;\">\u00dahrada parkovn\u00e9ho:<\/span><br \/>\n&#8211; z\u00e1vorov\u00fd syst\u00e9m pri vjazde vyd\u00e1va parkovacie l\u00edstky, ktor\u00e9 je potrebn\u00e9 pred odjazdom z parkoviska uhradi\u0165 v parkovacom automate.<br \/>\n&#8211; parkovisko je potrebn\u00e9 opusti\u0165 do 15 min\u00fat od zaplatenia v parkovacom automate<\/p>\n<p><span style=\"text-decoration: underline;\">Cenn\u00edk:<\/span><br \/>\n<strong>&#8211; 1 Eur \/ ka\u017ed\u00e1 za\u010dat\u00e1 hodina<\/strong><br \/>\n&#8211; v\u00fdjazd z parkoviska do 15 min\u00fat od vjazdu (prejazd parkoviskom) je bez \u00fahrady.<\/p>\n<hr \/>\n<h3><strong>Parkovisko 28. okt\u00f3bra<br \/>\n<\/strong><\/h3>\n<p>Nach\u00e1dza sa na ulici 28. okt\u00f3bra medzi obchodn\u00fdm domom Dru\u017eba a budovou b\u00fdvalej NBS. Parkovisko je\u00a0od 20.9.2024 vybaven\u00e9 z\u00e1vorov\u00fdm syst\u00e9mom.<\/p>\n<p><span style=\"text-decoration: underline;\">Prev\u00e1dzkov\u00e1 doba:<\/span><br \/>\n<strong>&#8211; pondelok &#8211; nede\u013ea: 8:00 &#8211; 18:00 h<\/strong><br \/>\n&#8211; v ostatnom \u010dase bezplatne (aj v tomto \u010dase je potrebn\u00e9 vyzdvihn\u00fa\u0165 si na vjazde parkovac\u00ed l\u00edstok a pou\u017ei\u0165 ho pri v\u00fdjazde)<\/p>\n<p><span style=\"text-decoration: underline;\">\u00dahrada parkovn\u00e9ho:<\/span><br \/>\n&#8211; z\u00e1vorov\u00fd syst\u00e9m pri vjazde vyd\u00e1va parkovacie l\u00edstky, ktor\u00e9 je potrebn\u00e9 pred odjazdom z parkoviska uhradi\u0165 v parkovacom automate<br \/>\n&#8211; parkovisko je potrebn\u00e9 opusti\u0165 do 10 min\u00fat od zaplatenia v\u00a0automatickej pokladni<\/p>\n<p><span style=\"text-decoration: underline;\">Cenn\u00edk:<\/span><br \/>\n<strong>&#8211; 1 Eur \/ ka\u017ed\u00e1 za\u010dat\u00e1 hodina<\/strong><br \/>\n&#8211; v\u00fdjazd z parkoviska do 10 min\u00fat od vjazdu (prejazd parkoviskom) je bez \u00fahrady<\/p>\n<p>&nbsp;<\/p>\n<p>&nbsp;<\/p>","protected":false},"excerpt":{"rendered":"<p>Tren\u010dianska parkovacia spolo\u010dnos\u0165, a. s. od 15. 3. 2017 prev\u00e1dzkuje\u00a0iba s\u00fakromn\u00e9 parkovisk\u00e1, ku ktor\u00fdm m\u00e1 uzatvoren\u00fa n\u00e1jomn\u00fa zmluvu. Ide o\u00a0parkovisko na ulici Rozmar\u00ednova, 28. okt\u00f3bra a Gen. Svobodu pri OC Ju\u017eanka v Tren\u010d\u00edne. Parkovisko\u00a0pri OC Ju\u017eanka Nach\u00e1dza sa na ulici Gen. Svobodu pred obchodn\u00fdm centrom Ju\u017eanka. Parkovisko je vybaven\u00e9 z\u00e1vorov\u00fdm syst\u00e9mom. Prv\u00e9 2 hodiny od [&hellip;]<\/p>","protected":false},"author":1,"featured_media":0,"parent":0,"menu_order":0,"comment_status":"closed","ping_status":"closed","template":"","meta":{"footnotes":""},"class_list":["post-128","page","type-page","status-publish","hentry"],"_links":{"self":[{"href":"https:\/\/parkovanietrencin.sk\/tps\/wp-json\/wp\/v2\/pages\/128","targetHints":{"allow":["GET"]}}],"collection":[{"href":"https:\/\/parkovanietrencin.sk\/tps\/wp-json\/wp\/v2\/pages"}],"about":[{"href":"https:\/\/parkovanietrencin.sk\/tps\/wp-json\/wp\/v2\/types\/page"}],"author":[{"embeddable":true,"href":"https:\/\/parkovanietrencin.sk\/tps\/wp-json\/wp\/v2\/users\/1"}],"replies":[{"embeddable":true,"href":"https:\/\/parkovanietrencin.sk\/tps\/wp-json\/wp\/v2\/comments?post=128"}],"version-history":[{"count":20,"href":"https:\/\/parkovanietrencin.sk\/tps\/wp-json\/wp\/v2\/pages\/128\/revisions"}],"predecessor-version":[{"id":233,"href":"https:\/\/parkovanietrencin.sk\/tps\/wp-json\/wp\/v2\/pages\/128\/revisions\/233"}],"wp:attachment":[{"href":"https:\/\/parkovanietrencin.sk\/tps\/wp-json\/wp\/v2\/media?parent=128"}],"curies":[{"name":"wp","href":"https:\/\/api.w.org\/{rel}","templated":true}]}}