{"id":219,"date":"2024-09-18T22:19:57","date_gmt":"2024-09-18T20:19:57","guid":{"rendered":"http:\/\/parkovanietrencin.sk\/tps\/?page_id=219"},"modified":"2024-10-01T15:01:22","modified_gmt":"2024-10-01T13:01:22","slug":"prevadzkovy-poriadok","status":"publish","type":"page","link":"https:\/\/parkovanietrencin.sk\/tps\/prevadzkovy-poriadok\/","title":{"rendered":"Prev\u00e1dzkov\u00fd poriadok"},"content":{"rendered":"<p>Prev\u00e1dzkov\u00e9 poriadky jednotliv\u00fdch parkov\u00edsk v spr\u00e1ve Tren\u010dianska parkovacia spolo\u010dnos\u0165, a. s.<\/p>\n<p><a href=\"http:\/\/parkovanietrencin.sk\/tps\/wp-content\/uploads\/2024\/10\/Prevadzkovy_poriadok_Rozmarinova.pdf\">Parkovisko Ul. Rozmar\u00ednova<\/a><\/p>\n<p><a href=\"http:\/\/parkovanietrencin.sk\/tps\/wp-content\/uploads\/2023\/09\/Prev\u00e1dzkov\u00fd-poriadok-Ju\u017eanka.pdf\">Parkovisko Ul. Gen. Svobodu &#8211; Ju\u017eanka<\/a><\/p>\n<p><a href=\"http:\/\/parkovanietrencin.sk\/tps\/wp-content\/uploads\/2024\/09\/Prev\u00e1dzkov\u00fd-poriadok-28.-okt\u00f3bra.pdf\">Parkovisko Ul. 28. okt\u00f3bra<\/a><\/p>","protected":false},"excerpt":{"rendered":"<p>Prev\u00e1dzkov\u00e9 poriadky jednotliv\u00fdch parkov\u00edsk v spr\u00e1ve Tren\u010dianska parkovacia spolo\u010dnos\u0165, a. s. Parkovisko Ul. Rozmar\u00ednova Parkovisko Ul. Gen. Svobodu &#8211; Ju\u017eanka Parkovisko Ul. 28. okt\u00f3bra<\/p>","protected":false},"author":1,"featured_media":0,"parent":0,"menu_order":0,"comment_status":"closed","ping_status":"closed","template":"","meta":{"footnotes":""},"class_list":["post-219","page","type-page","status-publish","hentry"],"_links":{"self":[{"href":"https:\/\/parkovanietrencin.sk\/tps\/wp-json\/wp\/v2\/pages\/219","targetHints":{"allow":["GET"]}}],"collection":[{"href":"https:\/\/parkovanietrencin.sk\/tps\/wp-json\/wp\/v2\/pages"}],"about":[{"href":"https:\/\/parkovanietrencin.sk\/tps\/wp-json\/wp\/v2\/types\/page"}],"author":[{"embeddable":true,"href":"https:\/\/parkovanietrencin.sk\/tps\/wp-json\/wp\/v2\/users\/1"}],"replies":[{"embeddable":true,"href":"https:\/\/parkovanietrencin.sk\/tps\/wp-json\/wp\/v2\/comments?post=219"}],"version-history":[{"count":5,"href":"https:\/\/parkovanietrencin.sk\/tps\/wp-json\/wp\/v2\/pages\/219\/revisions"}],"predecessor-version":[{"id":231,"href":"https:\/\/parkovanietrencin.sk\/tps\/wp-json\/wp\/v2\/pages\/219\/revisions\/231"}],"wp:attachment":[{"href":"https:\/\/parkovanietrencin.sk\/tps\/wp-json\/wp\/v2\/media?parent=219"}],"curies":[{"name":"wp","href":"https:\/\/api.w.org\/{rel}","templated":true}]}}