{"id":27,"date":"2017-01-04T20:30:53","date_gmt":"2017-01-04T19:30:53","guid":{"rendered":"http:\/\/parkovanietrencin.sk\/old1\/?page_id=27"},"modified":"2017-02-01T19:46:39","modified_gmt":"2017-02-01T18:46:39","slug":"kontakt","status":"publish","type":"page","link":"https:\/\/parkovanietrencin.sk\/tps\/kontakt\/","title":{"rendered":"Kontakt"},"content":{"rendered":"<p><strong>Tren\u010dianska parkovacia spolo\u010dnos\u0165, a. s.<br \/>\n<\/strong>Mierov\u00e9 n\u00e1m. 2<br \/>\n911 01 Tren\u010d\u00edn<br \/>\nSlovensko<\/p>\n<p>info@parkovanietrencin.sk<br \/>\n+421 902 911 050<\/p>\n<p>Adresa pre zasielanie \u017eiadost\u00ed pod\u013ea Z\u00e1kona o slobode inform\u00e1ci\u00ed \u010d. 211\/2000 Z. z. v platnom znen\u00ed: info@parkovanietrencin.sk<\/p>\n<p>I\u010cO: 44 510 152<br \/>\nI\u010c DPH: SK2022749432<br \/>\nZap\u00edsan\u00e1 v OR Okresn\u00fd s\u00fad Tren\u010d\u00edn, Oddiel: Sa, vlo\u017eka \u010d. 10547\/R<\/p>","protected":false},"excerpt":{"rendered":"<p>Tren\u010dianska parkovacia spolo\u010dnos\u0165, a. s. Mierov\u00e9 n\u00e1m. 2 911 01 Tren\u010d\u00edn Slovensko info@parkovanietrencin.sk +421 902 911 050 Adresa pre zasielanie \u017eiadost\u00ed pod\u013ea Z\u00e1kona o slobode inform\u00e1ci\u00ed \u010d. 211\/2000 Z. z. v platnom znen\u00ed: info@parkovanietrencin.sk I\u010cO: 44 510 152 I\u010c DPH: SK2022749432 Zap\u00edsan\u00e1 v OR Okresn\u00fd s\u00fad Tren\u010d\u00edn, Oddiel: Sa, vlo\u017eka \u010d. 10547\/R<\/p>","protected":false},"author":1,"featured_media":0,"parent":0,"menu_order":0,"comment_status":"closed","ping_status":"closed","template":"","meta":{"footnotes":""},"class_list":["post-27","page","type-page","status-publish","hentry"],"_links":{"self":[{"href":"https:\/\/parkovanietrencin.sk\/tps\/wp-json\/wp\/v2\/pages\/27","targetHints":{"allow":["GET"]}}],"collection":[{"href":"https:\/\/parkovanietrencin.sk\/tps\/wp-json\/wp\/v2\/pages"}],"about":[{"href":"https:\/\/parkovanietrencin.sk\/tps\/wp-json\/wp\/v2\/types\/page"}],"author":[{"embeddable":true,"href":"https:\/\/parkovanietrencin.sk\/tps\/wp-json\/wp\/v2\/users\/1"}],"replies":[{"embeddable":true,"href":"https:\/\/parkovanietrencin.sk\/tps\/wp-json\/wp\/v2\/comments?post=27"}],"version-history":[{"count":5,"href":"https:\/\/parkovanietrencin.sk\/tps\/wp-json\/wp\/v2\/pages\/27\/revisions"}],"predecessor-version":[{"id":131,"href":"https:\/\/parkovanietrencin.sk\/tps\/wp-json\/wp\/v2\/pages\/27\/revisions\/131"}],"wp:attachment":[{"href":"https:\/\/parkovanietrencin.sk\/tps\/wp-json\/wp\/v2\/media?parent=27"}],"curies":[{"name":"wp","href":"https:\/\/api.w.org\/{rel}","templated":true}]}}