{"id":51,"date":"2017-01-04T21:01:42","date_gmt":"2017-01-04T20:01:42","guid":{"rendered":"http:\/\/parkovanietrencin.sk\/old1\/?page_id=51"},"modified":"2017-01-04T23:58:31","modified_gmt":"2017-01-04T22:58:31","slug":"zmluvy-objednavky-faktury","status":"publish","type":"page","link":"https:\/\/parkovanietrencin.sk\/tps\/zmluvy-objednavky-faktury\/","title":{"rendered":"Zmluvy, objedn\u00e1vky, fakt\u00fary"},"content":{"rendered":"<div class='ssfa-clearfix'><\/div><div id='ssfa-meta-container-2345' class='ssfa-meta-container   ' data-uid='2345'  style='margin: 10px 0 20px;  width:100%; float:none;'><div id='ssfa-table-wrap-2345' class='ssfa-minimalist'><div class=\"ssfa-clearfix\" style=\"margin-bottom:10px!important;\"><div class='ssfa-clearfix ssfa-crumbs ssfa-crumbs-noheading'><a href=\"https:\/\/parkovanietrencin.sk\/tps\/zmluvy-objednavky-faktury\/?drawer=zverejnovanie\">Zverejnovanie<\/a> \/ <\/div><div class='ssfa-search-wrap ssfa-search-label-active'><span data-ssfa-icon='&#xe047;' class='ssfa-searchicon ssfa-search-label-active' aria-hidden='true'> H\u013eada\u0165<\/span><input id='filter-2345' class='ssfa-searchfield' placeholder='SEARCH' value='' name='search' id='search' type='text' \/><\/div><\/div><script type='text\/javascript'>jQuery(function(){ jQuery('.footable').footable();});<\/script><table id='ssfa-table-2345' data-filter='#filter-2345'   data-page-size='100000' class='footable ssfa-sortable ssfa-minimalist  ssfa-left dirtree-table ' data-drawer=\"drawer\"  data-stats=\"false\"  ><thead><tr><th class='ssfa-sorttype ssfa-minimalist-first-column' title=\"Zotriedi\u0165\" >Typ<\/th><th class='ssfa-sortname' title=\"Zotriedi\u0165\" data-sort-initial='true'>N\u00e1zov s\u00faboru<\/th><th class='ssfa-sortdate' data-type='numeric' title=\"Zotriedi\u0165\">D\u00e1tum zverejnenia<\/th><th class='ssfa-sortsize' data-type='numeric' title=\"Zotriedi\u0165\">Ve\u013ekos\u0165<\/th><\/tr><\/thead><tfoot><tr><td colspan='100'><\/td><\/tr><\/tfoot><tbody><tr id='ssfa-dir-2345-1' class='ssfa-drawers'><td id='folder-ssfa-dir-2345-1' data-value=\"# # # # # Dodatky zml\u00fav\" class='ssfa-sorttype ssfa-minimalist-first-column'><a href=\"https:\/\/parkovanietrencin.sk\/tps\/zmluvy-objednavky-faktury\/?drawer=zverejnovanie*Dodatky zml\u00fav\" data-name=\"Dodatky zml\u00fav\" data-path=\"zverejnovanie\/Dodatky zml\u00fav\"><span style='font-size:20px; margin-left:3px;' class='ssfa-faminicon ssfa-icon-book  ssfa-classic' aria-hidden='true'><\/span><br>adr<\/a><\/td><td id='name-ssfa-dir-2345-1' data-value=\"# # # # # Dodatky zml\u00fav\" class='ssfa-sortname'><a href=\"https:\/\/parkovanietrencin.sk\/tps\/zmluvy-objednavky-faktury\/?drawer=zverejnovanie*Dodatky zml\u00fav\" class=\" ssfa-classic accent-classic\"><span class='ssfa-filename' style='text-transform:uppercase;'>Dodatky Zml\u00fav<\/span><\/a><\/td><td class='ssfa-minimalist' data-value=\"# # # #  Dodatky zml\u00fav\"> &nbsp; <\/td><td id='manager-ssfa-dir-2345-1' class='ssfa-minimalist' data-value=\"# # # #  Dodatky zml\u00fav\"> &nbsp; <\/td><\/tr><tr id='ssfa-dir-2345-2' class='ssfa-drawers'><td id='folder-ssfa-dir-2345-2' data-value=\"# # # # # Fakt\u00fary\" class='ssfa-sorttype ssfa-minimalist-first-column'><a href=\"https:\/\/parkovanietrencin.sk\/tps\/zmluvy-objednavky-faktury\/?drawer=zverejnovanie*Fakt\u00fary\" data-name=\"Fakt\u00fary\" data-path=\"zverejnovanie\/Fakt\u00fary\"><span style='font-size:20px; margin-left:3px;' class='ssfa-faminicon ssfa-icon-book  ssfa-classic' aria-hidden='true'><\/span><br>adr<\/a><\/td><td id='name-ssfa-dir-2345-2' data-value=\"# # # # # Fakt\u00fary\" class='ssfa-sortname'><a href=\"https:\/\/parkovanietrencin.sk\/tps\/zmluvy-objednavky-faktury\/?drawer=zverejnovanie*Fakt\u00fary\" class=\" ssfa-classic accent-classic\"><span class='ssfa-filename' style='text-transform:uppercase;'>Fakt\u00fary<\/span><\/a><\/td><td class='ssfa-minimalist' data-value=\"# # # #  Fakt\u00fary\"> &nbsp; <\/td><td id='manager-ssfa-dir-2345-2' class='ssfa-minimalist' data-value=\"# # # #  Fakt\u00fary\"> &nbsp; <\/td><\/tr><tr id='ssfa-dir-2345-3' class='ssfa-drawers'><td id='folder-ssfa-dir-2345-3' data-value=\"# # # # # Objedn\u00e1vky\" class='ssfa-sorttype ssfa-minimalist-first-column'><a href=\"https:\/\/parkovanietrencin.sk\/tps\/zmluvy-objednavky-faktury\/?drawer=zverejnovanie*Objedn\u00e1vky\" data-name=\"Objedn\u00e1vky\" data-path=\"zverejnovanie\/Objedn\u00e1vky\"><span style='font-size:20px; margin-left:3px;' class='ssfa-faminicon ssfa-icon-book  ssfa-classic' aria-hidden='true'><\/span><br>adr<\/a><\/td><td id='name-ssfa-dir-2345-3' data-value=\"# # # # # Objedn\u00e1vky\" class='ssfa-sortname'><a href=\"https:\/\/parkovanietrencin.sk\/tps\/zmluvy-objednavky-faktury\/?drawer=zverejnovanie*Objedn\u00e1vky\" class=\" ssfa-classic accent-classic\"><span class='ssfa-filename' style='text-transform:uppercase;'>Objedn\u00e1vky<\/span><\/a><\/td><td class='ssfa-minimalist' data-value=\"# # # #  Objedn\u00e1vky\"> &nbsp; <\/td><td id='manager-ssfa-dir-2345-3' class='ssfa-minimalist' data-value=\"# # # #  Objedn\u00e1vky\"> &nbsp; <\/td><\/tr><tr id='ssfa-dir-2345-4' class='ssfa-drawers'><td id='folder-ssfa-dir-2345-4' data-value=\"# # # # # Zmluvy\" class='ssfa-sorttype ssfa-minimalist-first-column'><a href=\"https:\/\/parkovanietrencin.sk\/tps\/zmluvy-objednavky-faktury\/?drawer=zverejnovanie*Zmluvy\" data-name=\"Zmluvy\" data-path=\"zverejnovanie\/Zmluvy\"><span style='font-size:20px; margin-left:3px;' class='ssfa-faminicon ssfa-icon-book  ssfa-classic' aria-hidden='true'><\/span><br>adr<\/a><\/td><td id='name-ssfa-dir-2345-4' data-value=\"# # # # # Zmluvy\" class='ssfa-sortname'><a href=\"https:\/\/parkovanietrencin.sk\/tps\/zmluvy-objednavky-faktury\/?drawer=zverejnovanie*Zmluvy\" class=\" ssfa-classic accent-classic\"><span class='ssfa-filename' style='text-transform:uppercase;'>Zmluvy<\/span><\/a><\/td><td class='ssfa-minimalist' data-value=\"# # # #  Zmluvy\"> &nbsp; <\/td><td id='manager-ssfa-dir-2345-4' class='ssfa-minimalist' data-value=\"# # # #  Zmluvy\"> &nbsp; <\/td><\/tr><tr id='ssfa-file-2345-1' class=''><td id='filetype-ssfa-file-2345-1' class='ssfa-sorttype ssfa-minimalist-first-column' ><a id='ssfa-2345-1' class=' ssfa-classic accent-classic' href=\"http:\/\/parkovanietrencin.sk\/tps\/pdf\/zverejnovanie\/Prehl\u00e1senie%20o%20spracovan\u00ed%20osobn\u00fdch%20\u00fadajov.pdf\" download=\"Prehl\u00e1senie o spracovan\u00ed osobn\u00fdch \u00fadajov.pdf\" data-stat='false'><span data-ssfa-icon='&#x21;' class='ssfa-faminicon  ssfa-classic' aria-hidden='true'><\/span><br \/> pdf<\/a><\/td><td id='filename-ssfa-file-2345-1' class='ssfa-sortname'  ><a id='ssfa-2345-1' class=' ssfa-classic accent-classic' href=\"http:\/\/parkovanietrencin.sk\/tps\/pdf\/zverejnovanie\/Prehl\u00e1senie%20o%20spracovan\u00ed%20osobn\u00fdch%20\u00fadajov.pdf\" download=\"Prehl\u00e1senie o spracovan\u00ed osobn\u00fdch \u00fadajov.pdf\" data-stat='false'><span class='ssfa-filename' >Prehl\u00e1senie O Spracovan\u00ed Osobn\u00fdch \u00fadajov<\/span><\/a> <\/td><td id='mod-ssfa-file-2345-1' class='ssfa-sortdate' data-value='20190416142518'>16\/04\/2019 14:25<\/td><td id='size-ssfa-file-2345-1' class='ssfa-sortsize' data-value='50602'>49.4k<\/td><\/tr><\/tbody><\/table><\/div><\/div><div class='ssfa-clearfix'><\/div>\n<p>&nbsp;<\/p>","protected":false},"excerpt":{"rendered":"<p>&nbsp;<\/p>","protected":false},"author":1,"featured_media":0,"parent":0,"menu_order":0,"comment_status":"closed","ping_status":"closed","template":"","meta":{"footnotes":""},"class_list":["post-51","page","type-page","status-publish","hentry"],"_links":{"self":[{"href":"https:\/\/parkovanietrencin.sk\/tps\/wp-json\/wp\/v2\/pages\/51","targetHints":{"allow":["GET"]}}],"collection":[{"href":"https:\/\/parkovanietrencin.sk\/tps\/wp-json\/wp\/v2\/pages"}],"about":[{"href":"https:\/\/parkovanietrencin.sk\/tps\/wp-json\/wp\/v2\/types\/page"}],"author":[{"embeddable":true,"href":"https:\/\/parkovanietrencin.sk\/tps\/wp-json\/wp\/v2\/users\/1"}],"replies":[{"embeddable":true,"href":"https:\/\/parkovanietrencin.sk\/tps\/wp-json\/wp\/v2\/comments?post=51"}],"version-history":[{"count":17,"href":"https:\/\/parkovanietrencin.sk\/tps\/wp-json\/wp\/v2\/pages\/51\/revisions"}],"predecessor-version":[{"id":75,"href":"https:\/\/parkovanietrencin.sk\/tps\/wp-json\/wp\/v2\/pages\/51\/revisions\/75"}],"wp:attachment":[{"href":"https:\/\/parkovanietrencin.sk\/tps\/wp-json\/wp\/v2\/media?parent=51"}],"curies":[{"name":"wp","href":"https:\/\/api.w.org\/{rel}","templated":true}]}}